{"id":897,"date":"2019-11-23T22:27:06","date_gmt":"2019-11-23T21:27:06","guid":{"rendered":"http:\/\/cafedelatelier.fr\/?page_id=897"},"modified":"2020-06-10T18:45:41","modified_gmt":"2020-06-10T16:45:41","slug":"mais-encore","status":"publish","type":"page","link":"https:\/\/cafedelatelier.fr\/index.php\/mais-encore\/","title":{"rendered":"Mais encore&#8230;"},"content":{"rendered":"\t\t<div data-elementor-type=\"wp-post\" data-elementor-id=\"897\" class=\"elementor elementor-897\">\n\t\t\t\t\t\t\t\t\t<section class=\"elementor-section elementor-top-section elementor-element elementor-element-5654738 elementor-section-boxed elementor-section-height-default elementor-section-height-default\" data-id=\"5654738\" data-element_type=\"section\" data-settings=\"{&quot;background_background&quot;:&quot;gradient&quot;}\">\n\t\t\t\t\t\t<div class=\"elementor-container elementor-column-gap-default\">\n\t\t\t\t\t<div class=\"elementor-column elementor-col-100 elementor-top-column elementor-element elementor-element-3f5a620\" data-id=\"3f5a620\" data-element_type=\"column\">\n\t\t\t<div class=\"elementor-widget-wrap elementor-element-populated\">\n\t\t\t\t\t\t\t\t<div class=\"elementor-element elementor-element-a90e146 elementor-widget elementor-widget-heading\" data-id=\"a90e146\" data-element_type=\"widget\" data-widget_type=\"heading.default\">\n\t\t\t\t<div class=\"elementor-widget-container\">\n\t\t\t<h2 class=\"elementor-heading-title elementor-size-default\">QUI SOMMES NOUS ?<\/h2>\t\t<\/div>\n\t\t\t\t<\/div>\n\t\t\t\t<div class=\"elementor-element elementor-element-e7baecb elementor-widget-divider--view-line elementor-widget elementor-widget-divider\" data-id=\"e7baecb\" data-element_type=\"widget\" data-widget_type=\"divider.default\">\n\t\t\t\t<div class=\"elementor-widget-container\">\n\t\t\t\t\t<div class=\"elementor-divider\">\n\t\t\t<span class=\"elementor-divider-separator\">\n\t\t\t\t\t\t<\/span>\n\t\t<\/div>\n\t\t\t\t<\/div>\n\t\t\t\t<\/div>\n\t\t\t\t<div class=\"elementor-element elementor-element-2831c68 elementor-widget elementor-widget-text-editor\" data-id=\"2831c68\" data-element_type=\"widget\" data-widget_type=\"text-editor.default\">\n\t\t\t\t<div class=\"elementor-widget-container\">\n\t\t\t\t\t\t\t<h2 style=\"padding-left: 40px; text-align: center;\"><span style=\"color: #000000;\">L\u2019accueil et la coop\u00e9ration au-del\u00e0 des pr\u00e9jug\u00e9s\u00a0<\/span><\/h2><p class=\"MsoNormal\" style=\"text-align: center;\">Le 15 juin 2013, des femmes et des hommes du Pays de Vannes, issus ou non du monde associatif, t\u00e9moins d\u2019une soci\u00e9t\u00e9 qui s\u00e9pare plus souvent qu\u2019elle ne met en lien, d\u00e9cident de cr\u00e9er en simples citoyens, <strong>l\u2019ATELIER COOPERATIF ET CITOYEN<\/strong> pour\u00a0:<\/p><ul><li>Renforcer la coop\u00e9ration entre tous par la r\u00e9alisation d\u2019activit\u00e9s solidaires et utiles \u00e0 la collectivit\u00e9, et rompre l\u2019isolement.<\/li><li>Contribuer ainsi \u00e0 la vie de la Cit\u00e9, par l\u2019int\u00e9gration sociale et la participation active de ceux qui en sont exclus. (voir les\u00a0 <a href=\"https:\/\/cafedelatelier.fr\/wp-content\/uploads\/2020\/02\/Statuts-2016.pdf\" target=\"_blank\" rel=\"noopener\">statuts de l\u2019association<\/a>)<\/li><\/ul><p class=\"MsoNormal\">\u00a0<\/p>\t\t\t\t\t\t<\/div>\n\t\t\t\t<\/div>\n\t\t\t\t<div class=\"elementor-element elementor-element-bbffb0a elementor-widget elementor-widget-text-editor\" data-id=\"bbffb0a\" data-element_type=\"widget\" data-widget_type=\"text-editor.default\">\n\t\t\t\t<div class=\"elementor-widget-container\">\n\t\t\t\t\t\t\t<h2 style=\"padding-left: 40px; text-align: center;\"><span style=\"color: #000000;\">Portrait de groupe\u2026 \u00e0 la Pr\u00e9vert\u00a0<\/span><\/h2><p class=\"MsoNormal\" style=\"font-size: 15px; font-weight: 400; text-align: center;\"><span style=\"font-size: 15px; color: #000000;\"><i>&gt; Un passant ordinaire qui s\u2019arr\u00eate le temps d\u2019un \u00ab\u00a0caf\u00e9 causette\u00a0\u00bb<\/i><\/span><\/p><p class=\"MsoNormal\" style=\"font-size: 15px; font-weight: 400; text-align: center;\"><span style=\"font-size: 15px; color: #000000;\"><i>&gt; Un familier qui vient annoncer qu\u2019il d\u00e9marre un stage prochainement<\/i><\/span><\/p><p class=\"MsoNormal\" style=\"font-size: 15px; font-weight: 400; text-align: center;\"><span style=\"font-size: 15px; color: #000000;\"><i>&gt; Une personne sans emploi qui a envie d\u2019\u00eatre utile<\/i><\/span><\/p><p class=\"MsoNormal\" style=\"font-size: 15px; font-weight: 400; text-align: center;\"><span style=\"font-size: 15px; color: #000000;\"><i>&gt; Des habitants du quartier qui y trouvent un repaire de convivialit\u00e9<\/i><\/span><\/p><p class=\"MsoNormal\" style=\"font-size: 15px; font-weight: 400; text-align: center;\"><span style=\"font-size: 15px; color: #000000;\"><i>&gt; Un patient de l\u2019h\u00f4pital de nuit qui veut parler d\u2019autre chose<\/i><\/span><\/p><p class=\"MsoNormal\" style=\"font-size: 15px; font-weight: 400; text-align: center;\"><span style=\"font-size: 15px; color: #000000;\"><i>&gt; Une retrait\u00e9e qui ne veut pas du \u00ab\u00a0tout caritatif\u00a0\u00bb<\/i><\/span><\/p><p class=\"MsoNormal\" style=\"font-size: 15px; font-weight: 400; text-align: center;\"><span style=\"font-size: 15px; color: #000000;\"><i>&gt; Des personnes seules qui viennent s\u2019y rencontrer et s\u2019\u00e9pauler.<\/i><\/span><\/p><p class=\"MsoNormal\" style=\"font-size: 15px; font-weight: 400; text-align: center;\"><span style=\"font-size: 15px; color: #000000;\"><i>&gt; Un citoyen en recherche de collectif<\/i><\/span><\/p><p class=\"MsoNormal\" style=\"font-size: 15px; font-weight: 400; text-align: center;\"><span style=\"font-size: 15px; color: #000000;\"><i>&gt; Des personnes au logement pr\u00e9caire qui viennent pour la chaleur des couleurs<\/i><\/span><\/p><p class=\"MsoNormal\" style=\"font-size: 15px; font-weight: 400; text-align: center;\"><span style=\"font-size: 15px; color: #000000;\"><i>&gt; Un salari\u00e9 en qu\u00eate de relations ouvertes, simples, gratuites<\/i><\/span><\/p><p class=\"MsoNormal\" style=\"font-size: 15px; font-weight: 400; text-align: center;\"><span style=\"font-size: 15px; color: #000000;\"><i>&gt; Des b\u00e9n\u00e9ficiaires des minimas sociaux qui ont les moyens d\u2019y payer une tourn\u00e9e<\/i><\/span><\/p><p class=\"MsoNormal\" style=\"font-size: 15px; font-weight: 400; text-align: center;\"><span style=\"font-size: 15px; color: #000000;\"><i>&gt; Des jeunes en gal\u00e8re, des \u00e9tudiants, des chefs scouts<\/i><\/span><\/p><p class=\"MsoNormal\" style=\"font-size: 15px; font-weight: 400; text-align: center;\"><span style=\"color: #000000;\"><i><span style=\"font-size: 15px;\">&gt; Des mamans\u00a0<\/span>ou des papas<span style=\"font-size: 15px;\">\u00a0seuls qui le sont moins<\/span><\/i><\/span><\/p><p class=\"MsoNormal\" style=\"font-size: 15px; font-weight: 400; text-align: center;\"><span style=\"font-size: 15px; color: #000000;\"><i>&gt; Un ancien qui existe pour quelques uns\u2026 et beaucoup d\u2019autre<\/i>s<\/span><\/p>\t\t\t\t\t\t<\/div>\n\t\t\t\t<\/div>\n\t\t\t\t\t<\/div>\n\t\t<\/div>\n\t\t\t\t\t\t\t<\/div>\n\t\t<\/section>\n\t\t\t\t\t\t\t<\/div>\n\t\t","protected":false},"excerpt":{"rendered":"<p>QUI SOMMES NOUS ? L\u2019accueil et la coop\u00e9ration au-del\u00e0 des pr\u00e9jug\u00e9s\u00a0 Le 15 juin 2013, des femmes et des hommes du Pays de Vannes, issus ou non du monde associatif, t\u00e9moins d\u2019une soci\u00e9t\u00e9 qui s\u00e9pare plus souvent qu\u2019elle ne met en lien, d\u00e9cident de cr\u00e9er en simples citoyens, l\u2019ATELIER COOPERATIF ET CITOYEN pour\u00a0: Renforcer la &hellip;<\/p>\n<p class=\"read-more\"> <a class=\"\" href=\"https:\/\/cafedelatelier.fr\/index.php\/mais-encore\/\"> <span class=\"screen-reader-text\">Mais encore&#8230;<\/span> Lire la suite\u00a0\u00bb<\/a><\/p>\n","protected":false},"author":1,"featured_media":0,"parent":0,"menu_order":0,"comment_status":"closed","ping_status":"closed","template":"","meta":{"_uag_custom_page_level_css":"","footnotes":""},"class_list":["post-897","page","type-page","status-publish","hentry"],"uagb_featured_image_src":{"full":false,"thumbnail":false,"medium":false,"medium_large":false,"large":false,"1536x1536":false,"2048x2048":false},"uagb_author_info":{"display_name":"admin8979","author_link":"https:\/\/cafedelatelier.fr\/index.php\/author\/admin8979\/"},"uagb_comment_info":0,"uagb_excerpt":"QUI SOMMES NOUS ? L\u2019accueil et la coop\u00e9ration au-del\u00e0 des pr\u00e9jug\u00e9s\u00a0 Le 15 juin 2013, des femmes et des hommes du Pays de Vannes, issus ou non du monde associatif, t\u00e9moins d\u2019une soci\u00e9t\u00e9 qui s\u00e9pare plus souvent qu\u2019elle ne met en lien, d\u00e9cident de cr\u00e9er en simples citoyens, l\u2019ATELIER COOPERATIF ET CITOYEN pour\u00a0: Renforcer la\u2026","_links":{"self":[{"href":"https:\/\/cafedelatelier.fr\/index.php\/wp-json\/wp\/v2\/pages\/897"}],"collection":[{"href":"https:\/\/cafedelatelier.fr\/index.php\/wp-json\/wp\/v2\/pages"}],"about":[{"href":"https:\/\/cafedelatelier.fr\/index.php\/wp-json\/wp\/v2\/types\/page"}],"author":[{"embeddable":true,"href":"https:\/\/cafedelatelier.fr\/index.php\/wp-json\/wp\/v2\/users\/1"}],"replies":[{"embeddable":true,"href":"https:\/\/cafedelatelier.fr\/index.php\/wp-json\/wp\/v2\/comments?post=897"}],"version-history":[{"count":9,"href":"https:\/\/cafedelatelier.fr\/index.php\/wp-json\/wp\/v2\/pages\/897\/revisions"}],"predecessor-version":[{"id":1568,"href":"https:\/\/cafedelatelier.fr\/index.php\/wp-json\/wp\/v2\/pages\/897\/revisions\/1568"}],"wp:attachment":[{"href":"https:\/\/cafedelatelier.fr\/index.php\/wp-json\/wp\/v2\/media?parent=897"}],"curies":[{"name":"wp","href":"https:\/\/api.w.org\/{rel}","templated":true}]}}