{"id":1295,"date":"2020-03-06T15:02:05","date_gmt":"2020-03-06T14:02:05","guid":{"rendered":"http:\/\/cafedelatelier.fr\/?page_id=1295"},"modified":"2020-03-06T15:07:48","modified_gmt":"2020-03-06T14:07:48","slug":"recevoir-les-infos-du-cafe","status":"publish","type":"page","link":"https:\/\/cafedelatelier.fr\/index.php\/recevoir-les-infos-du-cafe\/","title":{"rendered":"Recevoir les Infos du Caf\u00e9"},"content":{"rendered":"\t\t<div data-elementor-type=\"wp-page\" data-elementor-id=\"1295\" class=\"elementor elementor-1295\">\n\t\t\t\t\t\t\t\t\t<section class=\"elementor-section elementor-top-section elementor-element elementor-element-f6f2472 elementor-section-boxed elementor-section-height-default elementor-section-height-default\" data-id=\"f6f2472\" data-element_type=\"section\">\n\t\t\t\t\t\t<div class=\"elementor-container elementor-column-gap-default\">\n\t\t\t\t\t<div class=\"elementor-column elementor-col-100 elementor-top-column elementor-element elementor-element-078f85e\" data-id=\"078f85e\" data-element_type=\"column\">\n\t\t\t<div class=\"elementor-widget-wrap elementor-element-populated\">\n\t\t\t\t\t\t\t\t<div class=\"elementor-element elementor-element-dcf040a elementor-widget elementor-widget-heading\" data-id=\"dcf040a\" data-element_type=\"widget\" data-widget_type=\"heading.default\">\n\t\t\t\t<div class=\"elementor-widget-container\">\n\t\t\t<h2 class=\"elementor-heading-title elementor-size-default\">S'inscrire \u00e0 la r\u00e9ception des \"Infos du Caf\u00e9\" par e-mail<\/h2>\t\t<\/div>\n\t\t\t\t<\/div>\n\t\t\t\t<div class=\"elementor-element elementor-element-8a4be8f elementor-widget elementor-widget-shortcode\" data-id=\"8a4be8f\" data-element_type=\"widget\" data-widget_type=\"shortcode.default\">\n\t\t\t\t<div class=\"elementor-widget-container\">\n\t\t\t\t\t<div class=\"elementor-shortcode\"><div class=\"wpforms-container wpforms-container-full\" id=\"wpforms-1293\"><form id=\"wpforms-form-1293\" class=\"wpforms-validate wpforms-form wpforms-ajax-form\" data-formid=\"1293\" method=\"post\" enctype=\"multipart\/form-data\" action=\"\/index.php\/wp-json\/wp\/v2\/pages\/1295\" data-token=\"fabb8be24e41e3f9b70fa07c504ef98b\" data-token-time=\"1776167300\"><noscript class=\"wpforms-error-noscript\">Veuillez activer JavaScript dans votre navigateur pour remplir ce formulaire.<\/noscript><div class=\"wpforms-field-container\"><div id=\"wpforms-1293-field_0-container\" class=\"wpforms-field wpforms-field-name\" data-field-id=\"0\"><label class=\"wpforms-field-label\" for=\"wpforms-1293-field_0\">Qui \u00eates vous ? <span class=\"wpforms-required-label\">*<\/span><\/label><div class=\"wpforms-field-row wpforms-field-large\"><div class=\"wpforms-field-row-block wpforms-first wpforms-one-half\"><input type=\"text\" id=\"wpforms-1293-field_0\" class=\"wpforms-field-name-first wpforms-field-required\" name=\"wpforms[fields][0][first]\" required><label for=\"wpforms-1293-field_0\" class=\"wpforms-field-sublabel after\">Pr\u00e9nom<\/label><\/div><div class=\"wpforms-field-row-block wpforms-one-half\"><input type=\"text\" id=\"wpforms-1293-field_0-last\" class=\"wpforms-field-name-last wpforms-field-required\" name=\"wpforms[fields][0][last]\" required><label for=\"wpforms-1293-field_0-last\" class=\"wpforms-field-sublabel after\">Nom<\/label><\/div><\/div><\/div><div id=\"wpforms-1293-field_1-container\" class=\"wpforms-field wpforms-field-email\" data-field-id=\"1\"><label class=\"wpforms-field-label\" for=\"wpforms-1293-field_1\">Quel est votre E-mail <span class=\"wpforms-required-label\">*<\/span><\/label><input type=\"email\" id=\"wpforms-1293-field_1\" class=\"wpforms-field-medium wpforms-field-required\" name=\"wpforms[fields][1]\" spellcheck=\"false\" required><div class=\"wpforms-field-description\">Merci de m'envoyer les Infos du Caf\u00e9 \u00e0 cette adresse E-mail<\/div><\/div><div id=\"wpforms-1293-field_3-container\" class=\"wpforms-field wpforms-field-gdpr-checkbox\" data-field-id=\"3\"><label class=\"wpforms-field-label\">Accord RGPD <span class=\"wpforms-required-label\">*<\/span><\/label><ul id=\"wpforms-1293-field_3\" class=\"wpforms-field-required\"><li class=\"choice-1\"><input type=\"checkbox\" id=\"wpforms-1293-field_3_1\" name=\"wpforms[fields][3][]\" value=\"Je consens \u00e0 ce que ce site stocke mes informations envoy\u00e9es afin qu\u2019ils puissent r\u00e9pondre \u00e0 ma requ\u00eate.\" required ><label class=\"wpforms-field-label-inline\" for=\"wpforms-1293-field_3_1\">Je consens \u00e0 ce que ce site stocke mes informations envoy\u00e9es afin qu\u2019ils puissent r\u00e9pondre \u00e0 ma requ\u00eate.<\/label><\/li><\/ul><\/div><div id=\"wpforms-1293-field_2-container\" class=\"wpforms-field wpforms-field-textarea\" data-field-id=\"2\"><label class=\"wpforms-field-label\" for=\"wpforms-1293-field_2\">Eventuellement, commentaire ou message (facultatif) <\/label><textarea id=\"wpforms-1293-field_2\" class=\"wpforms-field-medium\" name=\"wpforms[fields][2]\" ><\/textarea><\/div><\/div><!-- .wpforms-field-container --><div class=\"wpforms-field wpforms-field-hp\"><label for=\"wpforms-1293-field-hp\" class=\"wpforms-field-label\">Website<\/label><input type=\"text\" name=\"wpforms[hp]\" id=\"wpforms-1293-field-hp\" class=\"wpforms-field-medium\"><\/div><div class=\"wpforms-recaptcha-container wpforms-is-recaptcha wpforms-is-recaptcha-type-invisible\" ><div class=\"g-recaptcha\" data-sitekey=\"6Lf6J9kUAAAAABpkimhQ3HI2-Ws8X5bMizbtGfLl\" data-size=\"invisible\"><\/div><\/div><div class=\"wpforms-submit-container\" ><input type=\"hidden\" name=\"wpforms[id]\" value=\"1293\"><input type=\"hidden\" name=\"page_title\" value=\"\"><input type=\"hidden\" name=\"page_url\" value=\"https:\/\/cafedelatelier.fr\/index.php\/wp-json\/wp\/v2\/pages\/1295\"><button type=\"submit\" name=\"wpforms[submit]\" id=\"wpforms-submit-1293\" class=\"wpforms-submit\" data-alt-text=\"Envoi en cours...\" data-submit-text=\"Envoyer\" aria-live=\"assertive\" value=\"wpforms-submit\">Envoyer<\/button><img loading=\"lazy\" decoding=\"async\" src=\"https:\/\/cafedelatelier.fr\/wp-content\/plugins\/wpforms-lite\/assets\/images\/submit-spin.svg\" class=\"wpforms-submit-spinner\" style=\"display: none;\" width=\"26\" height=\"26\" alt=\"Chargement en cours\"><\/div><\/form><\/div>  <!-- .wpforms-container --><\/div>\n\t\t\t\t<\/div>\n\t\t\t\t<\/div>\n\t\t\t\t\t<\/div>\n\t\t<\/div>\n\t\t\t\t\t\t\t<\/div>\n\t\t<\/section>\n\t\t\t\t\t\t\t<\/div>\n\t\t","protected":false},"excerpt":{"rendered":"<p>S&rsquo;inscrire \u00e0 la r\u00e9ception des \u00ab\u00a0Infos du Caf\u00e9\u00a0\u00bb par e-mail<\/p>\n","protected":false},"author":1,"featured_media":0,"parent":0,"menu_order":0,"comment_status":"closed","ping_status":"closed","template":"","meta":{"_uag_custom_page_level_css":"","footnotes":""},"class_list":["post-1295","page","type-page","status-publish","hentry"],"uagb_featured_image_src":{"full":false,"thumbnail":false,"medium":false,"medium_large":false,"large":false,"1536x1536":false,"2048x2048":false},"uagb_author_info":{"display_name":"admin8979","author_link":"https:\/\/cafedelatelier.fr\/index.php\/author\/admin8979\/"},"uagb_comment_info":0,"uagb_excerpt":"S&rsquo;inscrire \u00e0 la r\u00e9ception des \u00ab\u00a0Infos du Caf\u00e9\u00a0\u00bb par e-mail","_links":{"self":[{"href":"https:\/\/cafedelatelier.fr\/index.php\/wp-json\/wp\/v2\/pages\/1295"}],"collection":[{"href":"https:\/\/cafedelatelier.fr\/index.php\/wp-json\/wp\/v2\/pages"}],"about":[{"href":"https:\/\/cafedelatelier.fr\/index.php\/wp-json\/wp\/v2\/types\/page"}],"author":[{"embeddable":true,"href":"https:\/\/cafedelatelier.fr\/index.php\/wp-json\/wp\/v2\/users\/1"}],"replies":[{"embeddable":true,"href":"https:\/\/cafedelatelier.fr\/index.php\/wp-json\/wp\/v2\/comments?post=1295"}],"version-history":[{"count":4,"href":"https:\/\/cafedelatelier.fr\/index.php\/wp-json\/wp\/v2\/pages\/1295\/revisions"}],"predecessor-version":[{"id":1300,"href":"https:\/\/cafedelatelier.fr\/index.php\/wp-json\/wp\/v2\/pages\/1295\/revisions\/1300"}],"wp:attachment":[{"href":"https:\/\/cafedelatelier.fr\/index.php\/wp-json\/wp\/v2\/media?parent=1295"}],"curies":[{"name":"wp","href":"https:\/\/api.w.org\/{rel}","templated":true}]}}